{"id":9904,"date":"2023-02-27T12:13:28","date_gmt":"2023-02-27T11:13:28","guid":{"rendered":"https:\/\/shop.hotelpalacioico.com\/politica-cancelacion\/"},"modified":"2024-11-25T09:35:05","modified_gmt":"2024-11-25T08:35:05","slug":"politique-dannulation","status":"publish","type":"page","link":"https:\/\/shopnavarra.thiushotels.com\/fr\/politique-dannulation\/","title":{"rendered":"Politique d&rsquo;annulation"},"content":{"rendered":"<div class=\"wpb-content-wrapper\"><p>[vc_row][vc_column][vc_column_text css=\u00a0\u00bb\u00a0\u00bb woodmart_inline=\u00a0\u00bbno\u00a0\u00bb text_larger=\u00a0\u00bbno\u00a0\u00bb]<\/p>\r\n<p>Important, pensez \u00e0 contacter <a href=\"mailto:sonsoles@hotelpalacioico.com\">sonsoles@hotelpalacioico.com<\/a> pour organiser au pr\u00e9alable \u00ab <strong>Nuit Intime<\/strong> \u00bb et \u00ab <strong>H\u00e9doniste<\/strong> \u00bb.<\/p>\r\n<p><strong>Annulation du brunch ou du menu d\u00e9gustation<\/strong><\/p>\r\n<p>Si le brunch ou le menu d\u00e9gustation est annul\u00e9 moins de 24 heures avant la date r\u00e9serv\u00e9e, 20 \u20ac par personne seront factur\u00e9s. N&rsquo;oubliez pas que celui qui souhaite b\u00e9n\u00e9ficier du bonus doit effectuer sa r\u00e9servation en ligne et saisir les coordonn\u00e9es de la carte bancaire qui ne seront utilis\u00e9es qu&rsquo;en cas d&rsquo;annulation comme d\u00e9crit ci-dessus. Le ch\u00e8que cadeau peut continuer \u00e0 \u00eatre utilis\u00e9.<\/p>\r\n<p><strong>Annulation de \u00ab Nuit Intime \u00bb et \u00ab H\u00e9doniste \u00bb<\/strong><\/p>\r\n<p>Une fois les dates confirm\u00e9es, en cas d&rsquo;annulation ou de non-pr\u00e9sentation du client, il perdra le droit au ch\u00e8que cadeau et aucun remboursement ne sera effectu\u00e9. N&rsquo;oubliez pas que \u00ab <strong>Nuit intime<\/strong> \u00bb et \u00ab <strong>h\u00e9doniste<\/strong> \u00bb NE SERONT CONFIRM\u00c9S QUE LORSQUE LE CLIENT RE\u00c7OIT UN E-MAIL DE L&rsquo;ICO PALACE AVEC LES INFORMATIONS DE CEUX QUI L&rsquo;APPR\u00c9CIERONT ET LES DATES S\u00c9LECTIONN\u00c9ES.<\/p>\r\n<p><strong>Conditions du ch\u00e8que cadeau<\/strong><\/p>\r\n<p>(i) Le ch\u00e8que-cadeau n&rsquo;est pas monnayable ni \u00e9changeable contre un autre cadeau\u00a0; (ii) la vente ou la commercialisation du ch\u00e8que cadeau est interdite ; (iii) les produits et services inclus dans le ch\u00e8que-cadeau sont tels qu&rsquo;ils sont et ne peuvent \u00eatre modifi\u00e9s ou alt\u00e9r\u00e9s par quiconque.<\/p>\r\n<p><strong>Validit\u00e9<\/strong><\/p>\r\n<p>Brunch et menu d\u00e9gustation 3 mois apr\u00e8s l&rsquo;achat. Nuit intime et h\u00e9doniste 6 mois apr\u00e8s l&rsquo;achat.<\/p>\r\n<p><strong>Responsabilit\u00e9<\/strong><\/p>\r\n<p>L&rsquo;H\u00f4tel Palacio Ico n&rsquo;assume aucune responsabilit\u00e9 (i) si une fois le ch\u00e8que cadeau achet\u00e9 le b\u00e9n\u00e9ficiaire, pour quelque raison que ce soit, ne peut en profiter ou que son retard l&#8217;emp\u00eache d&rsquo;en profiter pleinement, (ii) si pour des raisons de force majeure , ou incontr\u00f4l\u00e9, Palacio Ico ne pourra pas proposer le produit du ch\u00e8que cadeau, auquel cas il proposera des solutions alternatives, (iii) Si l&rsquo;e-mail fourni par l&rsquo;acheteur n&rsquo;est pas valide ou pour des raisons de r\u00e9seaux de t\u00e9l\u00e9communications, la confirmation de commande n&rsquo;arrive pas ou est re\u00e7u en retard, (iv) pour les services que des tiers pourraient fournir pour la jouissance du ch\u00e8que cadeau, tels que, mais sans s&rsquo;y limiter, le voilier, (v) pour la perte ou la d\u00e9t\u00e9rioration du ch\u00e8que cadeau.<\/p>\r\n<p><strong>Protection des donn\u00e9es<\/strong><\/p>\r\n<p>Qui est responsable du traitement de vos donn\u00e9es ? HOTEL PALACIO ICO S.L \u00a0Quelles sont les finalit\u00e9s du traitement de vos donn\u00e9es\u00a0? G\u00e9rer l&rsquo;achat de l&rsquo;obligation. La contribution des donn\u00e9es est volontaire et \u00e9clair\u00e9e. L&rsquo;Utilisateur sera responsable de la v\u00e9racit\u00e9 et de l&rsquo;exactitude des donn\u00e9es fournies, se r\u00e9servant le droit d&rsquo;exclure des services enregistr\u00e9s tout Utilisateur qui aura fourni de fausses donn\u00e9es, sans pr\u00e9judice des autres actions qui pourraient \u00eatre applicables par la loi. Quelle est la l\u00e9gitimit\u00e9 de celui-ci. traitement ? de vos donn\u00e9es ? votre consentement volontaire. Qui recevra vos donn\u00e9es ?Les donn\u00e9es personnelles seront communiqu\u00e9es aux collaborateurs de HOTEL PALACIO ICO S.L qui g\u00e8rent le site Web et aux fournisseurs n\u00e9cessaires pour profiter du ch\u00e8que-cadeau. Aucun transfert international ne sera effectu\u00e9. Exercice des droits par l&rsquo;Utilisateur : Droit d&rsquo;acc\u00e8s aux donn\u00e9es personnelles de l&rsquo;int\u00e9ress\u00e9. L&rsquo;int\u00e9ress\u00e9 peut obtenir la confirmation si HOTEL PALACIO ICO S.L traite les donn\u00e9es personnelles qui le concernent. Droit de rectification, c&rsquo;est-\u00e0-dire que l&rsquo;int\u00e9ress\u00e9 a le droit de demander la rectification des donn\u00e9es inexactes. Droit de suppression, l&rsquo;int\u00e9ress\u00e9 peut demander que ses donn\u00e9es soient arr\u00eat\u00e9es sans retard injustifi\u00e9, entre autres parce qu&rsquo;elles ne sont plus n\u00e9cessaires, que le consentement a \u00e9t\u00e9 retir\u00e9, etc. Droit de limiter le traitement des donn\u00e9es, c&rsquo;est-\u00e0-dire que l&rsquo;utilisateur peut demander que ses donn\u00e9es personnelles ne soient pas appliqu\u00e9es aux traitements qui correspondraient dans chaque cas. Droit d&rsquo;opposition, si l&rsquo;int\u00e9ress\u00e9 s&rsquo;oppose au traitement, HOTEL PALACIO ICO. S.L laissera traiter vos donn\u00e9es, sauf pour des raisons l\u00e9gitimes imp\u00e9rieuses ou pour l\u2019exercice ou la d\u00e9fense d\u2019\u00e9ventuelles r\u00e9clamations. Droit \u00e0 la portabilit\u00e9 des donn\u00e9es, par lequel les parties int\u00e9ress\u00e9es peuvent demander \u00e0 HOTEL PALACIO ICO S.L le t\u00e9l\u00e9chargement structur\u00e9 de leurs donn\u00e9es ou leur transmission directement \u00e0 une entit\u00e9 tierce, si cela est techniquement possible. L&rsquo;Utilisateur peut exercer ses droits en demandant \u00e0 HOTEL PALACIO ICO S.L via l&rsquo;adresse e-mail eduardo@hotelpalacioico.com, en accompagnant dans tous les cas une copie de sa pi\u00e8ce d&rsquo;identit\u00e9 nationale, de son passeport ou de tout autre document valide qui l&rsquo;identifie. Si vous avez des questions concernant cette politique de confidentialit\u00e9, veuillez nous contacter \u00e0 l&rsquo;adresse e-mail ci-dessus.<\/p>\r\n<p><span lang=\"ES-TRAD\">L&rsquo;utilisateur accepte les conditions \u00e9nonc\u00e9es ici ainsi que les mentions l\u00e9gales et la politique de confidentialit\u00e9 d\u00e9crites dans <a href=\"https:\/\/hotelpalacioico.com\/fr\/57\/conditions-de-reservation\/\">https:\/\/hotelpalacioico.com\/fr\/57\/conditions-de-reservation\/<\/a><\/span><\/p>\r\n<p><strong>HOTEL PALACIO ICO S.L,<\/strong> avec NIF: B 76258417, inscrit au registre du commerce de Lanzarote le 3 juin 2016 dans le volume 477, folio 85, Inscription 1, page IL-11530 et dont le si\u00e8ge social est 2 rue El Rayo, 35530 Teguise, Las Palmas.<\/p>\r\n<p>[\/vc_column_text][\/vc_column][\/vc_row]<\/p><\/div>","protected":false},"excerpt":{"rendered":"<p>[vc_row][vc_column][vc_column_text css=\u00a0\u00bb\u00a0\u00bb woodmart_inline=\u00a0\u00bbno\u00a0\u00bb text_larger=\u00a0\u00bbno\u00a0\u00bb] Important, pensez \u00e0 contacter sonsoles@hotelpalacioico.com pour organiser au pr\u00e9alable \u00ab Nuit Intime \u00bb et \u00ab H\u00e9doniste<\/p>\n","protected":false},"author":1,"featured_media":0,"parent":0,"menu_order":0,"comment_status":"closed","ping_status":"closed","template":"","meta":{"inline_featured_image":false,"footnotes":""},"class_list":["post-9904","page","type-page","status-publish","hentry"],"yoast_head":"<!-- This site is optimized with the Yoast SEO plugin v26.6 - https:\/\/yoast.com\/wordpress\/plugins\/seo\/ -->\n<title>Politique d&#039;annulation - Shop Hotel Palacio Ico - Tienda Oficial<\/title>\n<meta name=\"robots\" content=\"index, follow, max-snippet:-1, max-image-preview:large, max-video-preview:-1\" \/>\n<link rel=\"canonical\" href=\"https:\/\/shopnavarra.thiushotels.com\/fr\/politique-dannulation\/\" \/>\n<meta property=\"og:locale\" content=\"fr_FR\" \/>\n<meta property=\"og:type\" content=\"article\" \/>\n<meta property=\"og:title\" content=\"Politique d&#039;annulation - Shop Hotel Palacio Ico - Tienda Oficial\" \/>\n<meta property=\"og:description\" content=\"[vc_row][vc_column][vc_column_text css=\u00a0\u00bb\u00a0\u00bb woodmart_inline=\u00a0\u00bbno\u00a0\u00bb text_larger=\u00a0\u00bbno\u00a0\u00bb] Important, pensez \u00e0 contacter sonsoles@hotelpalacioico.com pour organiser au pr\u00e9alable \u00ab Nuit Intime \u00bb et \u00ab H\u00e9doniste\" \/>\n<meta property=\"og:url\" content=\"https:\/\/shopnavarra.thiushotels.com\/fr\/politique-dannulation\/\" \/>\n<meta property=\"og:site_name\" content=\"Shop Hotel Palacio Ico - Tienda Oficial\" \/>\n<meta property=\"article:modified_time\" content=\"2024-11-25T08:35:05+00:00\" \/>\n<meta name=\"twitter:card\" content=\"summary_large_image\" \/>\n<meta name=\"twitter:label1\" content=\"Dur\u00e9e de lecture estim\u00e9e\" \/>\n\t<meta name=\"twitter:data1\" content=\"4 minutes\" \/>\n<script type=\"application\/ld+json\" class=\"yoast-schema-graph\">{\"@context\":\"https:\/\/schema.org\",\"@graph\":[{\"@type\":\"WebPage\",\"@id\":\"https:\/\/shopnavarra.thiushotels.com\/fr\/politique-dannulation\/\",\"url\":\"https:\/\/shopnavarra.thiushotels.com\/fr\/politique-dannulation\/\",\"name\":\"Politique d'annulation - Shop Hotel Palacio Ico - Tienda Oficial\",\"isPartOf\":{\"@id\":\"https:\/\/shopnavarra.thiushotels.com\/fr\/#website\"},\"datePublished\":\"2023-02-27T11:13:28+00:00\",\"dateModified\":\"2024-11-25T08:35:05+00:00\",\"breadcrumb\":{\"@id\":\"https:\/\/shopnavarra.thiushotels.com\/fr\/politique-dannulation\/#breadcrumb\"},\"inLanguage\":\"fr-FR\",\"potentialAction\":[{\"@type\":\"ReadAction\",\"target\":[\"https:\/\/shopnavarra.thiushotels.com\/fr\/politique-dannulation\/\"]}]},{\"@type\":\"BreadcrumbList\",\"@id\":\"https:\/\/shopnavarra.thiushotels.com\/fr\/politique-dannulation\/#breadcrumb\",\"itemListElement\":[{\"@type\":\"ListItem\",\"position\":1,\"name\":\"Home\",\"item\":\"https:\/\/shopnavarra.thiushotels.com\/fr\/\"},{\"@type\":\"ListItem\",\"position\":2,\"name\":\"Politique d&#8217;annulation\"}]},{\"@type\":\"WebSite\",\"@id\":\"https:\/\/shopnavarra.thiushotels.com\/fr\/#website\",\"url\":\"https:\/\/shopnavarra.thiushotels.com\/fr\/\",\"name\":\"Shop Hotel Palacio Ico - Tienda Oficial\",\"description\":\"Ofertas\",\"potentialAction\":[{\"@type\":\"SearchAction\",\"target\":{\"@type\":\"EntryPoint\",\"urlTemplate\":\"https:\/\/shopnavarra.thiushotels.com\/fr\/?s={search_term_string}\"},\"query-input\":{\"@type\":\"PropertyValueSpecification\",\"valueRequired\":true,\"valueName\":\"search_term_string\"}}],\"inLanguage\":\"fr-FR\"}]}<\/script>\n<!-- \/ Yoast SEO plugin. -->","yoast_head_json":{"title":"Politique d'annulation - Shop Hotel Palacio Ico - Tienda Oficial","robots":{"index":"index","follow":"follow","max-snippet":"max-snippet:-1","max-image-preview":"max-image-preview:large","max-video-preview":"max-video-preview:-1"},"canonical":"https:\/\/shopnavarra.thiushotels.com\/fr\/politique-dannulation\/","og_locale":"fr_FR","og_type":"article","og_title":"Politique d'annulation - Shop Hotel Palacio Ico - Tienda Oficial","og_description":"[vc_row][vc_column][vc_column_text css=\u00a0\u00bb\u00a0\u00bb woodmart_inline=\u00a0\u00bbno\u00a0\u00bb text_larger=\u00a0\u00bbno\u00a0\u00bb] Important, pensez \u00e0 contacter sonsoles@hotelpalacioico.com pour organiser au pr\u00e9alable \u00ab Nuit Intime \u00bb et \u00ab H\u00e9doniste","og_url":"https:\/\/shopnavarra.thiushotels.com\/fr\/politique-dannulation\/","og_site_name":"Shop Hotel Palacio Ico - Tienda Oficial","article_modified_time":"2024-11-25T08:35:05+00:00","twitter_card":"summary_large_image","twitter_misc":{"Dur\u00e9e de lecture estim\u00e9e":"4 minutes"},"schema":{"@context":"https:\/\/schema.org","@graph":[{"@type":"WebPage","@id":"https:\/\/shopnavarra.thiushotels.com\/fr\/politique-dannulation\/","url":"https:\/\/shopnavarra.thiushotels.com\/fr\/politique-dannulation\/","name":"Politique d'annulation - Shop Hotel Palacio Ico - Tienda Oficial","isPartOf":{"@id":"https:\/\/shopnavarra.thiushotels.com\/fr\/#website"},"datePublished":"2023-02-27T11:13:28+00:00","dateModified":"2024-11-25T08:35:05+00:00","breadcrumb":{"@id":"https:\/\/shopnavarra.thiushotels.com\/fr\/politique-dannulation\/#breadcrumb"},"inLanguage":"fr-FR","potentialAction":[{"@type":"ReadAction","target":["https:\/\/shopnavarra.thiushotels.com\/fr\/politique-dannulation\/"]}]},{"@type":"BreadcrumbList","@id":"https:\/\/shopnavarra.thiushotels.com\/fr\/politique-dannulation\/#breadcrumb","itemListElement":[{"@type":"ListItem","position":1,"name":"Home","item":"https:\/\/shopnavarra.thiushotels.com\/fr\/"},{"@type":"ListItem","position":2,"name":"Politique d&#8217;annulation"}]},{"@type":"WebSite","@id":"https:\/\/shopnavarra.thiushotels.com\/fr\/#website","url":"https:\/\/shopnavarra.thiushotels.com\/fr\/","name":"Shop Hotel Palacio Ico - Tienda Oficial","description":"Ofertas","potentialAction":[{"@type":"SearchAction","target":{"@type":"EntryPoint","urlTemplate":"https:\/\/shopnavarra.thiushotels.com\/fr\/?s={search_term_string}"},"query-input":{"@type":"PropertyValueSpecification","valueRequired":true,"valueName":"search_term_string"}}],"inLanguage":"fr-FR"}]}},"_links":{"self":[{"href":"https:\/\/shopnavarra.thiushotels.com\/fr\/wp-json\/wp\/v2\/pages\/9904","targetHints":{"allow":["GET"]}}],"collection":[{"href":"https:\/\/shopnavarra.thiushotels.com\/fr\/wp-json\/wp\/v2\/pages"}],"about":[{"href":"https:\/\/shopnavarra.thiushotels.com\/fr\/wp-json\/wp\/v2\/types\/page"}],"author":[{"embeddable":true,"href":"https:\/\/shopnavarra.thiushotels.com\/fr\/wp-json\/wp\/v2\/users\/1"}],"replies":[{"embeddable":true,"href":"https:\/\/shopnavarra.thiushotels.com\/fr\/wp-json\/wp\/v2\/comments?post=9904"}],"version-history":[{"count":3,"href":"https:\/\/shopnavarra.thiushotels.com\/fr\/wp-json\/wp\/v2\/pages\/9904\/revisions"}],"predecessor-version":[{"id":9972,"href":"https:\/\/shopnavarra.thiushotels.com\/fr\/wp-json\/wp\/v2\/pages\/9904\/revisions\/9972"}],"wp:attachment":[{"href":"https:\/\/shopnavarra.thiushotels.com\/fr\/wp-json\/wp\/v2\/media?parent=9904"}],"curies":[{"name":"wp","href":"https:\/\/api.w.org\/{rel}","templated":true}]}}