{"id":10622,"date":"2025-09-15T12:48:33","date_gmt":"2025-09-15T10:48:33","guid":{"rendered":"https:\/\/shop.thiushotels.com\/producto\/mendiko-airea-bienestar-hotel-mirador-de-ulzama\/"},"modified":"2026-02-09T11:16:30","modified_gmt":"2026-02-09T10:16:30","slug":"mendiko-airea-bien-etre","status":"publish","type":"product","link":"https:\/\/shopnavarra.thiushotels.com\/fr\/producto\/mendiko-airea-bien-etre\/","title":{"rendered":"Mendiko Airea Bien-\u00eatre \u00b7 Hotel &#038; Spa El Mirador de Ulzama"},"content":{"rendered":"<div class=\"wpb-content-wrapper\"><p>[vc_row][vc_column width=\u00a0\u00bb1\/2&Prime; css=\u00a0\u00bb.vc_custom_1728981178922{border-color: #736060 !important;}\u00a0\u00bb woodmart_css_id=\u00a0\u00bb670e28b230faf\u00a0\u00bb parallax_scroll=\u00a0\u00bbno\u00a0\u00bb woodmart_sticky_column=\u00a0\u00bbfalse\u00a0\u00bb wd_collapsible_content_switcher=\u00a0\u00bbno\u00a0\u00bb wd_column_role_offcanvas_desktop=\u00a0\u00bbno\u00a0\u00bb wd_column_role_offcanvas_tablet=\u00a0\u00bbno\u00a0\u00bb wd_column_role_offcanvas_mobile=\u00a0\u00bbno\u00a0\u00bb wd_column_role_content_desktop=\u00a0\u00bbno\u00a0\u00bb wd_column_role_content_tablet=\u00a0\u00bbno\u00a0\u00bb wd_column_role_content_mobile=\u00a0\u00bbno\u00a0\u00bb mobile_bg_img_hidden=\u00a0\u00bbno\u00a0\u00bb tablet_bg_img_hidden=\u00a0\u00bbno\u00a0\u00bb woodmart_parallax=\u00a0\u00bb0&Prime; woodmart_box_shadow=\u00a0\u00bbno\u00a0\u00bb responsive_spacing=\u00a0\u00bbeyJwYXJhbV90eXBlIjoid29vZG1hcnRfcmVzcG9uc2l2ZV9zcGFjaW5nIiwic2VsZWN0b3JfaWQiOiI2NzBlMjhiMjMwZmFmIiwic2hvcnRjb2RlIjoidmNfY29sdW1uIiwiZGF0YSI6eyJ0YWJsZXQiOnt9LCJtb2JpbGUiOnt9fX0=\u00a0\u00bb mobile_reset_margin=\u00a0\u00bbno\u00a0\u00bb tablet_reset_margin=\u00a0\u00bbno\u00a0\u00bb wd_z_index=\u00a0\u00bbno\u00a0\u00bb][vc_column_text css=\u00a0\u00bb.vc_custom_1764324458245{border-top-width: 1px !important;padding-top: 20px !important;border-top-style: solid !important;border-color: #736060 !important;}\u00a0\u00bb woodmart_inline=\u00a0\u00bbno\u00a0\u00bb text_larger=\u00a0\u00bbno\u00a0\u00bb]<strong>L\u2019air de la montagne de Navarre vous invite \u00e0 prendre soin de vous<\/strong><\/p>\n<p><strong>H\u00e9bergement<\/strong><br \/>\nChambre Double ou Suite, dans les deux cas avec petit-d\u00e9jeuner buffet.<\/p>\n<p class=\"p1\"><strong>Spa<\/strong><br \/>\nCircuit thermal Mendiko Airea : espace aquatique, hydromassage, sauna sec et humide, et hydroth\u00e9rapie<\/p>\n<p><strong>Soins Bien-\u00eatre<\/strong><br \/>\nDeux massages relaxants de 60 minutes<\/p>\n<p>La dur\u00e9e du circuit SPA est de 60 minutes. L\u2019acc\u00e8s est r\u00e9serv\u00e9 aux personnes de plus de 16 ans. Capacit\u00e9 maximale : 6 personnes. Consultez les soins bien-\u00eatre propos\u00e9s par nos professionnels[\/vc_column_text][\/vc_column][vc_column width=\u00a0\u00bb1\/2&Prime; css=\u00a0\u00bb.vc_custom_1728981189117{border-color: #736060 !important;}\u00a0\u00bb woodmart_css_id=\u00a0\u00bb670e28bd6a591&Prime; parallax_scroll=\u00a0\u00bbno\u00a0\u00bb woodmart_sticky_column=\u00a0\u00bbfalse\u00a0\u00bb wd_collapsible_content_switcher=\u00a0\u00bbno\u00a0\u00bb wd_column_role_offcanvas_desktop=\u00a0\u00bbno\u00a0\u00bb wd_column_role_offcanvas_tablet=\u00a0\u00bbno\u00a0\u00bb wd_column_role_offcanvas_mobile=\u00a0\u00bbno\u00a0\u00bb wd_column_role_content_desktop=\u00a0\u00bbno\u00a0\u00bb wd_column_role_content_tablet=\u00a0\u00bbno\u00a0\u00bb wd_column_role_content_mobile=\u00a0\u00bbno\u00a0\u00bb mobile_bg_img_hidden=\u00a0\u00bbno\u00a0\u00bb tablet_bg_img_hidden=\u00a0\u00bbno\u00a0\u00bb woodmart_parallax=\u00a0\u00bb0&Prime; woodmart_box_shadow=\u00a0\u00bbno\u00a0\u00bb responsive_spacing=\u00a0\u00bbeyJwYXJhbV90eXBlIjoid29vZG1hcnRfcmVzcG9uc2l2ZV9zcGFjaW5nIiwic2VsZWN0b3JfaWQiOiI2NzBlMjhiZDZhNTkxIiwic2hvcnRjb2RlIjoidmNfY29sdW1uIiwiZGF0YSI6eyJ0YWJsZXQiOnt9LCJtb2JpbGUiOnt9fX0=\u00a0\u00bb mobile_reset_margin=\u00a0\u00bbno\u00a0\u00bb tablet_reset_margin=\u00a0\u00bbno\u00a0\u00bb wd_z_index=\u00a0\u00bbno\u00a0\u00bb][vc_column_text css=\u00a0\u00bb.vc_custom_1764324572963{border-top-width: 1px !important;padding-top: 20px !important;border-top-style: solid !important;border-color: #736060 !important;}\u00a0\u00bb woodmart_inline=\u00a0\u00bbno\u00a0\u00bb text_larger=\u00a0\u00bbno\u00a0\u00bb]<strong>P\u00e9riode<\/strong><br \/>\nTout l\u2019ann\u00e9e, sauf entre 01\/07\/2026 al 31\/08\/2026<\/p>\n<p><strong>S\u00e9jour<\/strong><br \/>\n1 nuit<\/p>\n<p><strong>Tarif<\/strong><\/p>\n<p>Du dimanche au jeudi:<br \/>\n300\u20ac\/nuit chambre suite<br \/>\n260\u20ac\/nuit chambre double<\/p>\n<p>Vendredi et samedi:<br \/>\n340\u20ac\/nuit chambre suite<br \/>\n300\u20ac\/nuit chambre double<\/p>\n<p>2 personnes<\/p>\n<p>TVA incluse<br \/>\nPetit-d\u00e9jeuner buffet inclus[\/vc_column_text][\/vc_column][\/vc_row][vc_row][vc_column width=\u00a0\u00bb1\/2&Prime; css=\u00a0\u00bb.vc_custom_1728981200554{border-color: #736060 !important;}\u00a0\u00bb woodmart_css_id=\u00a0\u00bb670e28ca14ac5&Prime; parallax_scroll=\u00a0\u00bbno\u00a0\u00bb woodmart_sticky_column=\u00a0\u00bbfalse\u00a0\u00bb wd_collapsible_content_switcher=\u00a0\u00bbno\u00a0\u00bb wd_column_role_offcanvas_desktop=\u00a0\u00bbno\u00a0\u00bb wd_column_role_offcanvas_tablet=\u00a0\u00bbno\u00a0\u00bb wd_column_role_offcanvas_mobile=\u00a0\u00bbno\u00a0\u00bb wd_column_role_content_desktop=\u00a0\u00bbno\u00a0\u00bb wd_column_role_content_tablet=\u00a0\u00bbno\u00a0\u00bb wd_column_role_content_mobile=\u00a0\u00bbno\u00a0\u00bb mobile_bg_img_hidden=\u00a0\u00bbno\u00a0\u00bb tablet_bg_img_hidden=\u00a0\u00bbno\u00a0\u00bb woodmart_parallax=\u00a0\u00bb0&Prime; woodmart_box_shadow=\u00a0\u00bbno\u00a0\u00bb responsive_spacing=\u00a0\u00bbeyJwYXJhbV90eXBlIjoid29vZG1hcnRfcmVzcG9uc2l2ZV9zcGFjaW5nIiwic2VsZWN0b3JfaWQiOiI2NzBlMjhjYTE0YWM1Iiwic2hvcnRjb2RlIjoidmNfY29sdW1uIiwiZGF0YSI6eyJ0YWJsZXQiOnt9LCJtb2JpbGUiOnt9fX0=\u00a0\u00bb mobile_reset_margin=\u00a0\u00bbno\u00a0\u00bb tablet_reset_margin=\u00a0\u00bbno\u00a0\u00bb wd_z_index=\u00a0\u00bbno\u00a0\u00bb][vc_column_text css=\u00a0\u00bb.vc_custom_1770632180301{border-top-width: 1px !important;padding-top: 20px !important;border-top-style: solid !important;border-color: #736060 !important;}\u00a0\u00bb woodmart_inline=\u00a0\u00bbno\u00a0\u00bb text_larger=\u00a0\u00bbno\u00a0\u00bb]<a href=\"https:\/\/shopnavarra.thiushotels.com\/wp-content\/uploads\/2025\/11\/Mendiko-Airea-frances.pdf\">pdf<\/a><\/p>\n<p><a href=\"https:\/\/thiushotels.com\/fr\/c\/conditions-de-reservation\"><strong>Conditions de reservation<\/strong><\/a><\/p>\n<p><a href=\"https:\/\/thiushotels.com\/fr\/c\/conditions-d-annulation\"><strong>Conditions d\u2019annulation<\/strong><\/a>[\/vc_column_text][\/vc_column][vc_column width=\u00a0\u00bb1\/2&Prime;][\/vc_column][\/vc_row]<\/p>\n<\/div>","protected":false},"excerpt":{"rendered":"<p>[vc_row][vc_column width=\u00a0\u00bb1\/2&Prime; css=\u00a0\u00bb.vc_custom_1728981178922{border-color: #736060 !important;}\u00a0\u00bb woodmart_css_id=\u00a0\u00bb670e28b230faf\u00a0\u00bb parallax_scroll=\u00a0\u00bbno\u00a0\u00bb woodmart_sticky_column=\u00a0\u00bbfalse\u00a0\u00bb wd_collapsible_content_switcher=\u00a0\u00bbno\u00a0\u00bb wd_column_role_offcanvas_desktop=\u00a0\u00bbno\u00a0\u00bb wd_column_role_offcanvas_tablet=\u00a0\u00bbno\u00a0\u00bb wd_column_role_offcanvas_mobile=\u00a0\u00bbno\u00a0\u00bb wd_column_role_content_desktop=\u00a0\u00bbno\u00a0\u00bb wd_column_role_content_tablet=\u00a0\u00bbno\u00a0\u00bb wd_column_role_content_mobile=\u00a0\u00bbno\u00a0\u00bb mobile_bg_img_hidden=\u00a0\u00bbno\u00a0\u00bb tablet_bg_img_hidden=\u00a0\u00bbno\u00a0\u00bb woodmart_parallax=\u00a0\u00bb0&Prime; woodmart_box_shadow=\u00a0\u00bbno\u00a0\u00bb responsive_spacing=\u00a0\u00bbeyJwYXJhbV90eXBlIjoid29vZG1hcnRfcmVzcG9uc2l2ZV9zcGFjaW5nIiwic2VsZWN0b3JfaWQiOiI2NzBlMjhiMjMwZmFmIiwic2hvcnRjb2RlIjoidmNfY29sdW1uIiwiZGF0YSI6eyJ0YWJsZXQiOnt9LCJtb2JpbGUiOnt9fX0=\u00a0\u00bb<\/p>\n","protected":false},"featured_media":10478,"template":"","meta":{"inline_featured_image":false},"product_brand":[],"product_cat":[160],"product_tag":[149],"class_list":{"0":"post-10622","1":"product","2":"type-product","3":"status-publish","4":"has-post-thumbnail","6":"product_cat-hotel-spa-el-mirador-de-ulzama-fr","7":"product_tag-hotel-spa-el-mirador-de-ulzama-fr","9":"first","10":"instock","11":"sold-individually","12":"taxable","13":"shipping-taxable","14":"purchasable","15":"product-type-variable"},"yoast_head":"<!-- This site is optimized with the Yoast SEO plugin v26.6 - https:\/\/yoast.com\/wordpress\/plugins\/seo\/ -->\n<title>Mendiko Airea Bien-\u00eatre \u00b7 Hotel &amp; Spa El Mirador de Ulzama - Shop Hotel Palacio Ico - Tienda Oficial<\/title>\n<meta name=\"description\" content=\"Brunch saludables y nutritivos, elaborados diariamente con ingredientes frescos y locales. Destacan nuestras mermeladas caseras de frutas de temporada\" \/>\n<meta name=\"robots\" content=\"index, follow, max-snippet:-1, max-image-preview:large, max-video-preview:-1\" \/>\n<link rel=\"canonical\" href=\"https:\/\/shopnavarra.thiushotels.com\/fr\/producto\/mendiko-airea-bien-etre\/\" \/>\n<meta property=\"og:locale\" content=\"fr_FR\" \/>\n<meta property=\"og:type\" content=\"article\" \/>\n<meta property=\"og:title\" content=\"Mendiko Airea Bien-\u00eatre \u00b7 Hotel &amp; Spa El Mirador de Ulzama - Shop Hotel Palacio Ico - Tienda Oficial\" \/>\n<meta property=\"og:description\" content=\"Brunch saludables y nutritivos, elaborados diariamente con ingredientes frescos y locales. Destacan nuestras mermeladas caseras de frutas de temporada\" \/>\n<meta property=\"og:url\" content=\"https:\/\/shopnavarra.thiushotels.com\/fr\/producto\/mendiko-airea-bien-etre\/\" \/>\n<meta property=\"og:site_name\" content=\"Shop Hotel Palacio Ico - Tienda Oficial\" \/>\n<meta property=\"article:modified_time\" content=\"2026-02-09T10:16:30+00:00\" \/>\n<meta property=\"og:image\" content=\"https:\/\/shopnavarra.thiushotels.com\/wp-content\/uploads\/2025\/09\/5.jpg\" \/>\n\t<meta property=\"og:image:width\" content=\"1600\" \/>\n\t<meta property=\"og:image:height\" content=\"1179\" \/>\n\t<meta property=\"og:image:type\" content=\"image\/jpeg\" \/>\n<meta name=\"twitter:card\" content=\"summary_large_image\" \/>\n<meta name=\"twitter:label1\" content=\"Dur\u00e9e de lecture estim\u00e9e\" \/>\n\t<meta name=\"twitter:data1\" content=\"2 minutes\" \/>\n<script type=\"application\/ld+json\" class=\"yoast-schema-graph\">{\"@context\":\"https:\/\/schema.org\",\"@graph\":[{\"@type\":\"WebPage\",\"@id\":\"https:\/\/shopnavarra.thiushotels.com\/fr\/producto\/mendiko-airea-bien-etre\/\",\"url\":\"https:\/\/shopnavarra.thiushotels.com\/fr\/producto\/mendiko-airea-bien-etre\/\",\"name\":\"Mendiko Airea Bien-\u00eatre \u00b7 Hotel & Spa El Mirador de Ulzama - Shop Hotel Palacio Ico - Tienda Oficial\",\"isPartOf\":{\"@id\":\"https:\/\/shopnavarra.thiushotels.com\/fr\/#website\"},\"primaryImageOfPage\":{\"@id\":\"https:\/\/shopnavarra.thiushotels.com\/fr\/producto\/mendiko-airea-bien-etre\/#primaryimage\"},\"image\":{\"@id\":\"https:\/\/shopnavarra.thiushotels.com\/fr\/producto\/mendiko-airea-bien-etre\/#primaryimage\"},\"thumbnailUrl\":\"https:\/\/shopnavarra.thiushotels.com\/wp-content\/uploads\/2025\/09\/5.jpg\",\"datePublished\":\"2025-09-15T10:48:33+00:00\",\"dateModified\":\"2026-02-09T10:16:30+00:00\",\"description\":\"Brunch saludables y nutritivos, elaborados diariamente con ingredientes frescos y locales. Destacan nuestras mermeladas caseras de frutas de temporada\",\"breadcrumb\":{\"@id\":\"https:\/\/shopnavarra.thiushotels.com\/fr\/producto\/mendiko-airea-bien-etre\/#breadcrumb\"},\"inLanguage\":\"fr-FR\",\"potentialAction\":[{\"@type\":\"ReadAction\",\"target\":[\"https:\/\/shopnavarra.thiushotels.com\/fr\/producto\/mendiko-airea-bien-etre\/\"]}]},{\"@type\":\"ImageObject\",\"inLanguage\":\"fr-FR\",\"@id\":\"https:\/\/shopnavarra.thiushotels.com\/fr\/producto\/mendiko-airea-bien-etre\/#primaryimage\",\"url\":\"https:\/\/shopnavarra.thiushotels.com\/wp-content\/uploads\/2025\/09\/5.jpg\",\"contentUrl\":\"https:\/\/shopnavarra.thiushotels.com\/wp-content\/uploads\/2025\/09\/5.jpg\",\"width\":1600,\"height\":1179},{\"@type\":\"BreadcrumbList\",\"@id\":\"https:\/\/shopnavarra.thiushotels.com\/fr\/producto\/mendiko-airea-bien-etre\/#breadcrumb\",\"itemListElement\":[{\"@type\":\"ListItem\",\"position\":1,\"name\":\"Home\",\"item\":\"https:\/\/shopnavarra.thiushotels.com\/fr\/\"},{\"@type\":\"ListItem\",\"position\":2,\"name\":\"Cadeaux et packs sp\u00e9ciaux\",\"item\":\"https:\/\/shopnavarra.thiushotels.com\/\"},{\"@type\":\"ListItem\",\"position\":3,\"name\":\"Mendiko Airea Bien-\u00eatre \u00b7 Hotel &#038; Spa El Mirador de Ulzama\"}]},{\"@type\":\"WebSite\",\"@id\":\"https:\/\/shopnavarra.thiushotels.com\/fr\/#website\",\"url\":\"https:\/\/shopnavarra.thiushotels.com\/fr\/\",\"name\":\"Shop Hotel Palacio Ico - Tienda Oficial\",\"description\":\"Ofertas\",\"potentialAction\":[{\"@type\":\"SearchAction\",\"target\":{\"@type\":\"EntryPoint\",\"urlTemplate\":\"https:\/\/shopnavarra.thiushotels.com\/fr\/?s={search_term_string}\"},\"query-input\":{\"@type\":\"PropertyValueSpecification\",\"valueRequired\":true,\"valueName\":\"search_term_string\"}}],\"inLanguage\":\"fr-FR\"}]}<\/script>\n<!-- \/ Yoast SEO plugin. -->","yoast_head_json":{"title":"Mendiko Airea Bien-\u00eatre \u00b7 Hotel & Spa El Mirador de Ulzama - Shop Hotel Palacio Ico - Tienda Oficial","description":"Brunch saludables y nutritivos, elaborados diariamente con ingredientes frescos y locales. Destacan nuestras mermeladas caseras de frutas de temporada","robots":{"index":"index","follow":"follow","max-snippet":"max-snippet:-1","max-image-preview":"max-image-preview:large","max-video-preview":"max-video-preview:-1"},"canonical":"https:\/\/shopnavarra.thiushotels.com\/fr\/producto\/mendiko-airea-bien-etre\/","og_locale":"fr_FR","og_type":"article","og_title":"Mendiko Airea Bien-\u00eatre \u00b7 Hotel & Spa El Mirador de Ulzama - Shop Hotel Palacio Ico - Tienda Oficial","og_description":"Brunch saludables y nutritivos, elaborados diariamente con ingredientes frescos y locales. Destacan nuestras mermeladas caseras de frutas de temporada","og_url":"https:\/\/shopnavarra.thiushotels.com\/fr\/producto\/mendiko-airea-bien-etre\/","og_site_name":"Shop Hotel Palacio Ico - Tienda Oficial","article_modified_time":"2026-02-09T10:16:30+00:00","og_image":[{"width":1600,"height":1179,"url":"https:\/\/shopnavarra.thiushotels.com\/wp-content\/uploads\/2025\/09\/5.jpg","type":"image\/jpeg"}],"twitter_card":"summary_large_image","twitter_misc":{"Dur\u00e9e de lecture estim\u00e9e":"2 minutes"},"schema":{"@context":"https:\/\/schema.org","@graph":[{"@type":"WebPage","@id":"https:\/\/shopnavarra.thiushotels.com\/fr\/producto\/mendiko-airea-bien-etre\/","url":"https:\/\/shopnavarra.thiushotels.com\/fr\/producto\/mendiko-airea-bien-etre\/","name":"Mendiko Airea Bien-\u00eatre \u00b7 Hotel & Spa El Mirador de Ulzama - Shop Hotel Palacio Ico - Tienda Oficial","isPartOf":{"@id":"https:\/\/shopnavarra.thiushotels.com\/fr\/#website"},"primaryImageOfPage":{"@id":"https:\/\/shopnavarra.thiushotels.com\/fr\/producto\/mendiko-airea-bien-etre\/#primaryimage"},"image":{"@id":"https:\/\/shopnavarra.thiushotels.com\/fr\/producto\/mendiko-airea-bien-etre\/#primaryimage"},"thumbnailUrl":"https:\/\/shopnavarra.thiushotels.com\/wp-content\/uploads\/2025\/09\/5.jpg","datePublished":"2025-09-15T10:48:33+00:00","dateModified":"2026-02-09T10:16:30+00:00","description":"Brunch saludables y nutritivos, elaborados diariamente con ingredientes frescos y locales. Destacan nuestras mermeladas caseras de frutas de temporada","breadcrumb":{"@id":"https:\/\/shopnavarra.thiushotels.com\/fr\/producto\/mendiko-airea-bien-etre\/#breadcrumb"},"inLanguage":"fr-FR","potentialAction":[{"@type":"ReadAction","target":["https:\/\/shopnavarra.thiushotels.com\/fr\/producto\/mendiko-airea-bien-etre\/"]}]},{"@type":"ImageObject","inLanguage":"fr-FR","@id":"https:\/\/shopnavarra.thiushotels.com\/fr\/producto\/mendiko-airea-bien-etre\/#primaryimage","url":"https:\/\/shopnavarra.thiushotels.com\/wp-content\/uploads\/2025\/09\/5.jpg","contentUrl":"https:\/\/shopnavarra.thiushotels.com\/wp-content\/uploads\/2025\/09\/5.jpg","width":1600,"height":1179},{"@type":"BreadcrumbList","@id":"https:\/\/shopnavarra.thiushotels.com\/fr\/producto\/mendiko-airea-bien-etre\/#breadcrumb","itemListElement":[{"@type":"ListItem","position":1,"name":"Home","item":"https:\/\/shopnavarra.thiushotels.com\/fr\/"},{"@type":"ListItem","position":2,"name":"Cadeaux et packs sp\u00e9ciaux","item":"https:\/\/shopnavarra.thiushotels.com\/"},{"@type":"ListItem","position":3,"name":"Mendiko Airea Bien-\u00eatre \u00b7 Hotel &#038; Spa El Mirador de Ulzama"}]},{"@type":"WebSite","@id":"https:\/\/shopnavarra.thiushotels.com\/fr\/#website","url":"https:\/\/shopnavarra.thiushotels.com\/fr\/","name":"Shop Hotel Palacio Ico - Tienda Oficial","description":"Ofertas","potentialAction":[{"@type":"SearchAction","target":{"@type":"EntryPoint","urlTemplate":"https:\/\/shopnavarra.thiushotels.com\/fr\/?s={search_term_string}"},"query-input":{"@type":"PropertyValueSpecification","valueRequired":true,"valueName":"search_term_string"}}],"inLanguage":"fr-FR"}]}},"_links":{"self":[{"href":"https:\/\/shopnavarra.thiushotels.com\/fr\/wp-json\/wp\/v2\/product\/10622","targetHints":{"allow":["GET"]}}],"collection":[{"href":"https:\/\/shopnavarra.thiushotels.com\/fr\/wp-json\/wp\/v2\/product"}],"about":[{"href":"https:\/\/shopnavarra.thiushotels.com\/fr\/wp-json\/wp\/v2\/types\/product"}],"wp:featuredmedia":[{"embeddable":true,"href":"https:\/\/shopnavarra.thiushotels.com\/fr\/wp-json\/wp\/v2\/media\/10478"}],"wp:attachment":[{"href":"https:\/\/shopnavarra.thiushotels.com\/fr\/wp-json\/wp\/v2\/media?parent=10622"}],"wp:term":[{"taxonomy":"product_brand","embeddable":true,"href":"https:\/\/shopnavarra.thiushotels.com\/fr\/wp-json\/wp\/v2\/product_brand?post=10622"},{"taxonomy":"product_cat","embeddable":true,"href":"https:\/\/shopnavarra.thiushotels.com\/fr\/wp-json\/wp\/v2\/product_cat?post=10622"},{"taxonomy":"product_tag","embeddable":true,"href":"https:\/\/shopnavarra.thiushotels.com\/fr\/wp-json\/wp\/v2\/product_tag?post=10622"}],"curies":[{"name":"wp","href":"https:\/\/api.w.org\/{rel}","templated":true}]}}